{"id":531,"date":"2023-03-20T17:29:04","date_gmt":"2023-03-20T17:29:04","guid":{"rendered":"https:\/\/cecart.ro\/scoala-de-arte\/?page_id=531"},"modified":"2023-08-10T09:29:27","modified_gmt":"2023-08-10T06:29:27","slug":"despre-noi","status":"publish","type":"page","link":"https:\/\/cecart.ro\/scoala-de-arte\/despre-noi\/","title":{"rendered":"Despre noi"},"content":{"rendered":"\n<p>Scurt istoric<\/p>\n\n\n\n<p>\u0218coala de arte din Timi\u0219oara func\u021bioneaz\u0103 ca \u0219i compartiment distinct \u00een cadrul Centrului de Cultur\u0103 \u0219i Art\u0103 al Jude\u021bului Timi\u0219 din anul 2000 \u0219i are o ofert\u0103 divers\u0103, cuprinz\u00e2nd muzic\u0103 vocal\u0103 \u0219i instrumental\u0103, arte vizuale \u0219i coregrafie.<\/p>\n\n\n\n<figure class=\"wp-block-image size-large\"><img loading=\"lazy\" decoding=\"async\" width=\"1024\" height=\"1007\" src=\"https:\/\/cecart.ro\/scoala-de-arte\/wp-content\/uploads\/2023\/03\/scoala-de-arte-timisoara-hero-1024x1007.webp\" alt=\"scoala de arte timisoara\" class=\"wp-image-377\" srcset=\"https:\/\/cecart.ro\/scoala-de-arte\/wp-content\/uploads\/2023\/03\/scoala-de-arte-timisoara-hero-1024x1007.webp 1024w, https:\/\/cecart.ro\/scoala-de-arte\/wp-content\/uploads\/2023\/03\/scoala-de-arte-timisoara-hero-300x295.webp 300w, https:\/\/cecart.ro\/scoala-de-arte\/wp-content\/uploads\/2023\/03\/scoala-de-arte-timisoara-hero-768x755.webp 768w, https:\/\/cecart.ro\/scoala-de-arte\/wp-content\/uploads\/2023\/03\/scoala-de-arte-timisoara-hero-1536x1510.webp 1536w, https:\/\/cecart.ro\/scoala-de-arte\/wp-content\/uploads\/2023\/03\/scoala-de-arte-timisoara-hero.webp 1600w\" sizes=\"auto, (max-width: 1024px) 100vw, 1024px\" \/><\/figure>\n\n\n\n<p>(Istoricul ei ca \u0219i institu\u021bie cu specific artistic ne poart\u0103 p\u00e2n\u0103 \u00een secolul al XVIII-lea, c\u00e2nd, \u00een documentele prim\u0103riei(1753), este men\u021bionat\u0103 existen\u021ba unui teatru. Apoi, \u00een secolul al XIX-lea, presa vremii consemneaz\u0103 activitatea \u201d\u0218colii de desen or\u0103\u0219ene\u0219ti\u201d(1847). \u00cen a II-a jum\u0103tate a secolului al XIX-lea, ziarul local \u201dTemeswer Zeitung\u201d men\u021bioneaz\u0103 redeschiderea \u201d\u0218colii de canto\u201d(1858). \u00cen secolul al XX-lea, institu\u021bia apare sub diverse denumiri: \u0218coala de muzic\u0103 municipal\u0103 (1907), Conservatorul municipal (1922), Conservatorul superior (1945), Institutul de art\u0103 (1947). Printre personalit\u0103\u021bile care au condus aceast\u0103 institu\u021bie de \u00eenv\u0103\u021b\u0103m\u00e2nt artistic se num\u0103r\u0103 distinsul pedagog \u0219i compozitor Sabin Dr\u0103goi. Perioada comunismului confer\u0103 conota\u021bii ideologice \u00eenv\u0103\u021b\u0103m\u00e2ntului, iar \u00een 1954 apar \u0218colile Populare de Art\u0103, folosite pentru propaganda Partidului Comunist. Artele au fost cenzurate. La Timi\u0219oara, \u0218coala Popular\u0103 de Art\u0103 a fost \u00eenfiin\u021bat\u0103 sub aceast\u0103 denumire \u00een 1962, iar primul director a fost prof. Ion Deatcu. Dup\u0103 revolu\u021bia din 1989, \u0218coala de Art\u0103 \u0219i-a urmat menirea de institu\u021bie de \u00eenv\u0103\u021b\u0103m\u00e2nt artistic alternativ prin care orice persoan\u0103 putea urma o carier\u0103 artistic\u0103. <span style=\"font-weight: 400;\">Dintre profesorii care au \u00eendrumat genera\u021bii \u00eentregi de elevi \u00eei amintim pe regreta\u021bii: Pavel Ro\u0219u, Dumitru P\u0103l\u0103l\u0103u, Iosif Hellman, Iacob Ochsenfld, Onu\u021b Danciu.<\/span><\/p>\n","protected":false},"excerpt":{"rendered":"<p>Scurt istoric \u0218coala de arte din Timi\u0219oara func\u021bioneaz\u0103 ca \u0219i compartiment distinct \u00een cadrul Centrului de Cultur\u0103 \u0219i Art\u0103 al Jude\u021bului Timi\u0219 din anul 2000 \u0219i are o ofert\u0103 divers\u0103, cuprinz\u00e2nd muzic\u0103 vocal\u0103 \u0219i instrumental\u0103, arte vizuale \u0219i coregrafie. (Istoricul ei ca \u0219i institu\u021bie cu specific artistic ne poart\u0103 p\u00e2n\u0103 \u00een secolul al XVIII-lea, c\u00e2nd, [&hellip;]<\/p>\n","protected":false},"author":1,"featured_media":0,"parent":0,"menu_order":0,"comment_status":"closed","ping_status":"closed","template":"","meta":{"footnotes":""},"class_list":["post-531","page","type-page","status-publish","hentry"],"_links":{"self":[{"href":"https:\/\/cecart.ro\/scoala-de-arte\/wp-json\/wp\/v2\/pages\/531","targetHints":{"allow":["GET"]}}],"collection":[{"href":"https:\/\/cecart.ro\/scoala-de-arte\/wp-json\/wp\/v2\/pages"}],"about":[{"href":"https:\/\/cecart.ro\/scoala-de-arte\/wp-json\/wp\/v2\/types\/page"}],"author":[{"embeddable":true,"href":"https:\/\/cecart.ro\/scoala-de-arte\/wp-json\/wp\/v2\/users\/1"}],"replies":[{"embeddable":true,"href":"https:\/\/cecart.ro\/scoala-de-arte\/wp-json\/wp\/v2\/comments?post=531"}],"version-history":[{"count":7,"href":"https:\/\/cecart.ro\/scoala-de-arte\/wp-json\/wp\/v2\/pages\/531\/revisions"}],"predecessor-version":[{"id":1518,"href":"https:\/\/cecart.ro\/scoala-de-arte\/wp-json\/wp\/v2\/pages\/531\/revisions\/1518"}],"wp:attachment":[{"href":"https:\/\/cecart.ro\/scoala-de-arte\/wp-json\/wp\/v2\/media?parent=531"}],"curies":[{"name":"wp","href":"https:\/\/api.w.org\/{rel}","templated":true}]}}