{"id":1571,"date":"2023-08-29T14:52:17","date_gmt":"2023-08-29T11:52:17","guid":{"rendered":"https:\/\/cecart.ro\/scoala-de-arte\/?page_id=1571"},"modified":"2023-08-29T15:24:28","modified_gmt":"2023-08-29T12:24:28","slug":"termeni-si-conditii","status":"publish","type":"page","link":"https:\/\/cecart.ro\/scoala-de-arte\/termeni-si-conditii\/","title":{"rendered":"Termeni \u0219i condi\u021bii"},"content":{"rendered":"\n<div class=\"wp-block-group\"><div class=\"wp-block-group__inner-container is-layout-constrained wp-block-group-is-layout-constrained\">\n<h2 class=\"wp-block-heading\">1. Politica de livrare a serviciilor<\/h2>\n\n\n\n<p>Cursurile sunt oferite \u00een sistem&nbsp;<strong>clasic<\/strong>, desf\u0103\u0219urate&nbsp; la urm\u0103toarele adrese:<\/p>\n\n\n\n<ul class=\"wp-block-list\">\n<li>Sediul principal al Centrului de Cultur\u0103 \u0219i Art\u0103 al jude\u021bului Timi\u0219: str. Emanoil Ungureanu, nr. 1<\/li>\n\n\n\n<li>Sediul secundar al Centrului de Cultur\u0103 \u0219i Art\u0103 al jude\u021bului Timi\u0219: str. Amforei, nr.6<\/li>\n<\/ul>\n<\/div><\/div>\n\n\n\n<div class=\"wp-block-group highlight\"><div class=\"wp-block-group__inner-container is-layout-constrained wp-block-group-is-layout-constrained\">\n<p><strong>Datele de identificare ale furnizorului de servicii:<\/strong><\/p>\n\n\n\n<p><strong>CENTRUL DE CULTUR\u0102 \u0218I ART\u0102 AL JUDE\u021aULUI TIMI\u0218,&nbsp;<\/strong>CIF: 12574082<br>tel.:&nbsp;<strong>0256 435158<\/strong>, e-mail:&nbsp;<a href=\"mailto:cecart@cecart.ro\">cecart@cecart.ro<\/a>, <a href=\"mailto:scoaladearte@cecart.ro\">scoaladearte@cecart.ro<\/a><strong><\/strong><br>Adresa:&nbsp;<strong>str. Emanoil Ungureanu, nr. 1, Jud. Timi\u0219, cod po\u0219tal 300079, Rom\u00e2nia<\/strong><br>Banca:&nbsp;<strong>Trezoreria Timi\u0219oara<\/strong><\/p>\n\n\n\n<ul class=\"wp-block-list\">\n<li><strong>IBAN: &nbsp;RO20TREZ62121G330500XXXX <\/strong><strong>(doar pentru plata taxei de \u0219colarizare)<\/strong> <strong><\/strong><\/li>\n\n\n\n<li><strong>RO43TREZ62121G33500XXXX (doar pentru<\/strong><strong> plata taxei de \u00eenscriere)<\/strong><strong><\/strong><\/li>\n<\/ul>\n<\/div><\/div>\n\n\n\n<div class=\"wp-block-group\"><div class=\"wp-block-group__inner-container is-layout-constrained wp-block-group-is-layout-constrained\">\n<p>Cursurile oferite de&nbsp;\u0218coala&nbsp; de Arte din Timi\u0219oara constau \u00een:<\/p>\n\n\n\n<ol class=\"wp-block-list\" type=\"I\">\n<li><strong>CURSURI DE BAZ\u0102<\/strong>, finalizate cu diplom\u0103 de absolvire.<\/li>\n<\/ol>\n\n\n\n<h3 class=\"wp-block-heading\">SEC\u021aIUNEA: <strong>MUZIC\u0102<\/strong><\/h3>\n\n\n\n<ul class=\"wp-block-list\">\n<li><strong>CANTO MUZIC\u0102 POPULAR\u0102<\/strong> (curs ce beneficiaz\u0103 de corepeti\u021bie)\n<ul class=\"wp-block-list\">\n<li>Curs cu predare individual\u0103<\/li>\n\n\n\n<li>Durat\u0103 curs 3 ani, de la 14 ani<\/li>\n\n\n\n<li>Taxa de \u0219colarizare\/an \u2013 1300 lei<\/li>\n<\/ul>\n<\/li>\n<\/ul>\n\n\n\n<ul class=\"wp-block-list\">\n<li><strong>CANTO MUZIC\u0102 U\u0218OAR\u0102<\/strong>\n<ul class=\"wp-block-list\">\n<li>Curs cu predare individual\u0103<\/li>\n\n\n\n<li>Durat\u0103 curs 3 ani, de la 14 ani<\/li>\n\n\n\n<li>Taxa de \u0219colarizare\/an \u2013 1200 lei<\/li>\n<\/ul>\n<\/li>\n<\/ul>\n\n\n\n<ul class=\"wp-block-list\">\n<li><strong>CANTO MUZIC\u0102 CLASIC\u0102<\/strong>\n<ul class=\"wp-block-list\">\n<li>Curs cu predare individual\u0103<\/li>\n\n\n\n<li>Durat\u0103 curs 3 ani, de la 14 ani<\/li>\n\n\n\n<li>Taxa de \u0219colarizare\/an \u2013 1200 lei<\/li>\n<\/ul>\n<\/li>\n<\/ul>\n\n\n\n<ul class=\"wp-block-list\">\n<li><strong>MUZIC\u0102 RELIGIOAS\u0102\/ CANTORI BISERICE\u0218TI<\/strong>\n<ul class=\"wp-block-list\">\n<li>Curs cu predare colectiv\u0103<\/li>\n\n\n\n<li>Durat\u0103 curs 2 ani, de la 14 ani<\/li>\n\n\n\n<li>Taxa de \u0219colarizare\/an \u2013 1100 lei<\/li>\n<\/ul>\n<\/li>\n<\/ul>\n\n\n\n<ul class=\"wp-block-list\">\n<li><strong>PIAN<\/strong>\n<ul class=\"wp-block-list\">\n<li>Curs cu predare individual\u0103<\/li>\n\n\n\n<li>Durat\u0103 curs 5 ani, de la 7 ani<\/li>\n\n\n\n<li>Taxa de \u0219colarizare\/an \u2013 1200 lei<\/li>\n<\/ul>\n<\/li>\n<\/ul>\n\n\n\n<ul class=\"wp-block-list\">\n<li><strong>VIOAR\u0102<\/strong>\n<ul class=\"wp-block-list\">\n<li>Curs cu predare individual\u0103<\/li>\n\n\n\n<li>Durat\u0103 curs 5 ani, de la 6 ani<\/li>\n\n\n\n<li>Taxa de \u0219colarizare\/an \u2013 1200 lei<\/li>\n<\/ul>\n<\/li>\n<\/ul>\n\n\n\n<ul class=\"wp-block-list\">\n<li><strong>CHITAR\u0102<\/strong>\n<ul class=\"wp-block-list\">\n<li>Curs cu predare individual\u0103<\/li>\n\n\n\n<li>Durat\u0103 curs 3 ani, de la 7 ani<\/li>\n\n\n\n<li>Taxa de \u0219colarizare\/an \u2013 1200 lei<\/li>\n<\/ul>\n<\/li>\n<\/ul>\n\n\n\n<ul class=\"wp-block-list\">\n<li><strong>ACORDEON\/ ARMONIC\u0102 S\u00c2RBEASC\u0102<\/strong>\n<ul class=\"wp-block-list\">\n<li>Curs cu predare individual\u0103<\/li>\n\n\n\n<li>Durat\u0103 curs 3 ani, de la 8 ani<\/li>\n\n\n\n<li>Taxa de \u0219colarizare\/an \u2013 1200 lei<\/li>\n<\/ul>\n<\/li>\n<\/ul>\n\n\n\n<ul class=\"wp-block-list\">\n<li><strong>SAXOFON\/ TARAGOT\/ CLARINET<\/strong>\n<ul class=\"wp-block-list\">\n<li>Curs cu predare individual\u0103<\/li>\n\n\n\n<li>Durat\u0103 curs 3 ani, de la 10 ani<\/li>\n\n\n\n<li>Taxa de \u0219colarizare\/an \u2013 1200 lei<\/li>\n<\/ul>\n<\/li>\n<\/ul>\n\n\n\n<ul class=\"wp-block-list\">\n<li><strong>ORG\u0102 ELECTRONIC\u0102\/ ACORDEON<\/strong>\n<ul class=\"wp-block-list\">\n<li>Curs cu predare individual\u0103<\/li>\n\n\n\n<li>Durat\u0103 curs 3 ani, de la 7 ani<\/li>\n\n\n\n<li>Taxa de \u0219colarizare\/an \u2013 1200 lei<\/li>\n<\/ul>\n<\/li>\n<\/ul>\n\n\n\n<h3 class=\"wp-block-heading\">SEC\u021aIUNEA: <strong>COREGRAFIE<\/strong><\/h3>\n\n\n\n<ul class=\"wp-block-list\">\n<li><strong>DANS MODERN<\/strong><strong><\/strong>\n<ul class=\"wp-block-list\">\n<li>Curs cu predare colectiv\u0103<\/li>\n\n\n\n<li>Durat\u0103 curs 2 ani, de la 4 ani<\/li>\n\n\n\n<li>Taxa de \u0219colarizare\/an \u2013 1100 lei<\/li>\n<\/ul>\n<\/li>\n<\/ul>\n\n\n\n<ul class=\"wp-block-list\">\n<li><strong>BALET<\/strong>\n<ul class=\"wp-block-list\">\n<li>Curs cu predare colectiv\u0103<\/li>\n\n\n\n<li>Durat\u0103 curs 2 ani, de la 4 ani<\/li>\n\n\n\n<li>Taxa de \u0219colarizare\/an \u2013 1100 lei<\/li>\n<\/ul>\n<\/li>\n<\/ul>\n\n\n\n<ul class=\"wp-block-list\">\n<li><strong>INTERPRE\u021aI \u2013 DANSURI POPULARE<\/strong>\n<ul class=\"wp-block-list\">\n<li>Curs cu predare colectiv\u0103<\/li>\n\n\n\n<li>Durat\u0103 curs 2 ani, de la 14 ani<\/li>\n\n\n\n<li>Taxa de \u0219colarizare\/an \u2013 1100 lei<\/li>\n<\/ul>\n<\/li>\n<\/ul>\n\n\n\n<ul class=\"wp-block-list\">\n<li><strong>INSTRUCTORI \u2013 DANSURI POPULARE<\/strong>\n<ul class=\"wp-block-list\">\n<li>Curs cu predare colectiv\u0103<\/li>\n\n\n\n<li>Durat\u0103 curs 2 ani, de la 18 ani<\/li>\n\n\n\n<li>Taxa de \u0219colarizare\/an \u2013 1100 lei<\/li>\n<\/ul>\n<\/li>\n<\/ul>\n\n\n\n<h3 class=\"wp-block-heading\">SEC\u021aIUNEA: <strong>ARTE VIZUALE<\/strong><\/h3>\n\n\n\n<ul class=\"wp-block-list\">\n<li><strong>PICTUR\u0102\/ GRAFIC\u0102 \u2013 copii<\/strong>\n<ul class=\"wp-block-list\">\n<li>Curs cu predare colectiv\u0103<\/li>\n\n\n\n<li>Durat\u0103 curs 3 ani, de la 6 ani<\/li>\n\n\n\n<li>Taxa de \u0219colarizare\/an \u2013 1100 lei<\/li>\n<\/ul>\n<\/li>\n<\/ul>\n\n\n\n<ul class=\"wp-block-list\">\n<li><strong>PICTUR\u0102\/ ICONOGRAFIE\/ART\u0102 DECORATIV\u0102<\/strong>\n<ul class=\"wp-block-list\">\n<li>Curs cu predare colectiv\u0103<\/li>\n\n\n\n<li>Durat\u0103 curs 3 ani, de la 16 ani<\/li>\n\n\n\n<li>Taxa de \u0219colarizare\/an \u2013 1100 lei<strong> <\/strong><strong><\/strong><\/li>\n<\/ul>\n<\/li>\n<\/ul>\n\n\n\n<ul class=\"wp-block-list\">\n<li><strong>ART\u0102 DECORATIV\u0102 \u0218I DESIGN\/ CUSUT TRADI\u021aIONAL<\/strong>\n<ul class=\"wp-block-list\">\n<li>Curs cu predare colectiv\u0103<\/li>\n\n\n\n<li>Durat\u0103 curs 3 ani, de la 12 ani<\/li>\n\n\n\n<li>Taxa de \u0219colarizare\/an \u2013 1100 lei<\/li>\n<\/ul>\n<\/li>\n<\/ul>\n\n\n\n<ul class=\"wp-block-list\">\n<li><strong>ART\u0102 FOTOGRAFIC\u0102 \u0218I INTRODUCERE \u00ceN CINEMATOGRAFIE<\/strong>\n<ul class=\"wp-block-list\">\n<li>Curs cu predare colectiv\u0103<\/li>\n\n\n\n<li>Durat\u0103 curs 2 ani, de la 14 ani<\/li>\n\n\n\n<li>Taxa de \u0219colarizare\/an \u2013 1100 lei<\/li>\n<\/ul>\n<\/li>\n<\/ul>\n\n\n\n<ul class=\"wp-block-list\">\n<li><strong>SCULPTUR\u0102<\/strong> (gips, piatr\u0103, lemn)\n<ul class=\"wp-block-list\">\n<li>Curs cu predare colectiv\u0103<\/li>\n\n\n\n<li>Durat\u0103 curs 3 ani, de la 11 ani<\/li>\n\n\n\n<li>Taxa de \u0219colarizare\/an \u2013 1100 lei<\/li>\n<\/ul>\n<\/li>\n<\/ul>\n\n\n\n<h3 class=\"wp-block-heading\">SEC\u021aIUNEA: <strong>ME\u0218TERI POPULARI<\/strong><\/h3>\n\n\n\n<ul class=\"wp-block-list\">\n<li><strong>ME\u0218TE\u0218UGARI (cioplitori \u00een lemn, ol\u0103rit, ceramic, art\u0103 decorativ\u0103)<\/strong>\n<ul class=\"wp-block-list\">\n<li>Curs cu predare colectiv\u0103<\/li>\n\n\n\n<li>Durat\u0103 curs 2 ani, de la 11 ani<\/li>\n\n\n\n<li>Taxa de \u0219colarizare\/an \u2013 1100 lei<\/li>\n<\/ul>\n<\/li>\n<\/ul>\n<\/div><\/div>\n\n\n\n<div class=\"wp-block-group\"><div class=\"wp-block-group__inner-container is-layout-constrained wp-block-group-is-layout-constrained\">\n<h2 class=\"wp-block-heading\">2. Politica de returnare\/anulare<\/h2>\n\n\n\n<p>Urm\u0103toarele taxe aferente serviciilor oferite de&nbsp;\u0218coala de Arte Timi\u0219oara,&nbsp;achitate online&nbsp;cu cardul,&nbsp;prin virament bancar, sau&nbsp;la sediul \u0219colii&nbsp;sunt&nbsp;<strong>nereturnabile<\/strong>.<strong><\/strong><\/p>\n\n\n\n<ul class=\"wp-block-list\">\n<li>Taxa de \u0219colarizare<\/li>\n\n\n\n<li>Taxa de \u00eenscriere<\/li>\n<\/ul>\n\n\n\n<div class=\"wp-block-group\"><div class=\"wp-block-group__inner-container is-layout-constrained wp-block-group-is-layout-constrained\">\n<h2 class=\"wp-block-heading\" id=\"confidentialitate\">3. Politica de confiden\u021bialitate<\/h2>\n\n\n\n<p><strong>\u0218coala de Arte Timi\u0219oara <\/strong>prelucreaz\u0103 datele de identificare cu caracter personal, puse la dispozi\u0163ie de beneficiarul serviciilor, pentru optimizarea procesului educa\u0163ional, conform legii.<\/p>\n\n\n\n<p>Beneficiarul\/cursantul \u00ee\u0219i exprim\u0103 consim\u0163\u0103m\u00e2ntul ca institu\u021bia s\u0103 prelucreze datele cu caracter personal, care sunt cuprinse \u00een cererea de \u00eenscriere\/contract de \u0219colarizare, s\u0103 colecteze \u0219i s\u0103 prelucreze datele pe durata derularii \u0219colarizarii, dup\u0103 caz, conform&nbsp;<a href=\"http:\/\/www.dataprotection.ro\/?page=Regulamentul_nr_679_2016\" target=\"_blank\" rel=\"noreferrer noopener\"><strong>Regulamentului (UE) 2016\/679&nbsp;<\/strong><\/a>privind protec\u021bia persoanelor fizice \u00een ceea ce prive\u0219te prelucrarea datelor cu caracter personal \u0219i privind libera circula\u021bie a acestor date \u0219i de abrogare a Directivei 95\/46\/CE (Regulamentul General privind Protec\u021bia Datelor) de direct\u0103 aplicare \u00een toate statele membre ale Uniunii Europene.<\/p>\n\n\n\n<p>Beneficiarul\/cursantul \u00ee\u0219i manifest\u0103 acordul ca datele de identificare cu caracter personal&nbsp; s\u0103 fie scrise \u00een documentele prev\u0103zute de lege, fiind folosite \u00een scopul \u00eentocmirii documentelor de concurs, a public\u0103rii rezultatelor finale \u015fi pentru folosirea imaginii personale (foto, video)&nbsp; \u00een interes institu\u0163ional.<\/p>\n\n\n\n<p>\u0218coala de Arte Timi\u0219oaraarhiveaz\u0103 conform legii datele cu caracter personal puse la dispozi\u0163ie de cursant.<\/p>\n\n\n\n<p>Beneficiarul serviciilor a fost informat \u0219i a acceptat c\u0103 refuzul prelucr\u0103rii datelor cu caracter personal poate conduce la imposibilitatea asigur\u0103rii \u00eenscrierii viitorului cursant.<\/p>\n\n\n\n<p>Consim\u021b\u0103m\u00e2ntul \u00een ceea ce prive\u0219te prelucrarea datelor cu caracter personal, precum \u0219i furnizarea datelor personale sunt voluntare. Acest consim\u021b\u0103m\u00e2nt poate fi revocat \u00een orice moment, cu efect ulterior printr-o notificare scris\u0103 c\u0103tre&nbsp;\u0218coala de Arte Timi\u0219oara.<\/p>\n\n\n\n<p>V\u0103 rug\u0103m s\u0103 ave\u021bi \u00een vedere faptul c\u0103 revocarea consim\u021b\u0103m\u00e2ntului nu afecteaz\u0103 legalitatea utiliz\u0103rii datelor \u00eenainte de retragerea consim\u021b\u0103m\u00e2ntului (notificarea nu are impact retroactiv).<\/p>\n\n\n\n<h3 class=\"wp-block-heading\">Perioada de stocare a informa\u021biilor personale<\/h3>\n\n\n\n<p>\u0218coala de Arte Timi\u0219oarava p\u0103stra informa\u021biile cu caracter personal at\u00e2ta timp c\u00e2t este necesar \u00een vederea furniz\u0103rii \u0219i dezvolt\u0103rii serviciilor \u0219i aplica\u021biilor aferente platformei on-line de plat\u0103. Perioada de p\u0103strare a datelor personale se poate prelungi at\u00e2ta timp c\u00e2t este necesar pentru \u00eendeplinirea obliga\u021biilor legale, pentru rezolvarea litigiilor sau \u00een vederea derul\u0103rii contractelor.<\/p>\n\n\n\n<h3 class=\"wp-block-heading\">Consecin\u021bele nefurniz\u0103rii datelor cu caracter personal solicitate<\/h3>\n\n\n\n<p>\u00cen cazul \u00een care un beneficiar al platformei on-line de plat\u0103 https:\/\/cecart.ro\/scoala-de-arte\/taxe-de-scolarizare\/ refuz\u0103 s\u0103 furnizeze anumite informa\u021bii esen\u021biale scopului proces\u0103rii formularului de \u00eenregistrare,&nbsp; \u0218coala de Arte Timi\u0219oara&nbsp;\u00ee\u0219i rezerv\u0103 dreptul de a nu da curs cererii vizitatorului (cererea nu va fi procesat\u0103).<\/p>\n\n\n\n<div class=\"wp-block-group\"><div class=\"wp-block-group__inner-container is-layout-constrained wp-block-group-is-layout-constrained\">\n<h2 class=\"wp-block-heading\">4. Informa\u021bii privind siguran\u021ba datelor clien\u021bilor<\/h2>\n\n\n\n<h3 class=\"wp-block-heading\">Angajamentul institu\u021biei privind securitatea datelor personale<\/h3>\n\n\n\n<p>\u0218coala de Arte Timi\u0219oara&nbsp;, prin personalul autorizat, a implementat proceduri \u0219i a luat m\u0103suri tehnico-organizatorice, privind cre\u0219terea gradului de securitate pentru a proteja datele beneficiarilor transmise prin intermediul formularelor de \u00eenregistrare, de pe platforma on-line de plat\u0103 <a href=\"https:\/\/cecart.ro\/scoala-de-arte\/taxe-de-scolarizare\/.\">https:\/\/cecart.ro\/scoala-de-arte\/taxe-de-scolarizare\/.<\/a><\/p>\n\n\n\n<p>Astfel, se asigur\u0103 nivelul de securitate adecvat \u00eempotriva distrugerii accidentale sau ilegale, a pierderii, modific\u0103rii, dezv\u0103luirii sau accesului neautorizat la nivelul datelor dumneavoastr\u0103 personale. Totu\u0219i, cu toate aceste proceduri \u0219i m\u0103suri \u00eentreprinse de c\u0103tre personalul autorizat al institu\u021biei, nu se poate garanta securitatea absolut\u0103 a datelor dumnevoastr\u0103 personale. Nu se poate garanta faptul c\u0103, liniile de comunica\u021bii nu pot fi interceptate ilegal sau c\u0103 datele personale nu vor fi accesate ilegal de c\u0103tre ter\u021be p\u0103r\u021bi.<\/p>\n\n\n\n<h3 class=\"wp-block-heading\">Modificarea Termenilor \u0219i Condi\u021biilor<\/h3>\n\n\n\n<p>\u0218coala de Arte Timi\u0219oara\u00ee\u0219i rezerv\u0103 dreptul de a modifica prezenta politic\u0103 de confiden\u021bialitate, \u00een func\u021bie de necesit\u0103\u021bile \u0219i reglement\u0103rile legislative.<\/p>\n\n\n\n<p>Orice modificare a Termenilor \u0219i Condi\u021biilor va fi publicat\u0103 pe website-ul&nbsp;https:\/\/cecart.ro\/scoala-de-arte\/ , \u00eenainte de aplicarea acesteia.<\/p>\n<\/div><\/div>\n<\/div><\/div>\n<\/div><\/div>\n","protected":false},"excerpt":{"rendered":"<p>1. Politica de livrare a serviciilor Cursurile sunt oferite \u00een sistem&nbsp;clasic, desf\u0103\u0219urate&nbsp; la urm\u0103toarele adrese: Datele de identificare ale furnizorului de servicii: CENTRUL DE CULTUR\u0102 \u0218I ART\u0102 AL JUDE\u021aULUI TIMI\u0218,&nbsp;CIF: 12574082tel.:&nbsp;0256 435158, e-mail:&nbsp;cecart@cecart.ro, scoaladearte@cecart.roAdresa:&nbsp;str. Emanoil Ungureanu, nr. 1, Jud. Timi\u0219, cod po\u0219tal 300079, Rom\u00e2niaBanca:&nbsp;Trezoreria Timi\u0219oara Cursurile oferite de&nbsp;\u0218coala&nbsp; de Arte din Timi\u0219oara constau \u00een: SEC\u021aIUNEA: [&hellip;]<\/p>\n","protected":false},"author":1,"featured_media":0,"parent":0,"menu_order":0,"comment_status":"closed","ping_status":"closed","template":"","meta":{"footnotes":""},"class_list":["post-1571","page","type-page","status-publish","hentry"],"_links":{"self":[{"href":"https:\/\/cecart.ro\/scoala-de-arte\/wp-json\/wp\/v2\/pages\/1571","targetHints":{"allow":["GET"]}}],"collection":[{"href":"https:\/\/cecart.ro\/scoala-de-arte\/wp-json\/wp\/v2\/pages"}],"about":[{"href":"https:\/\/cecart.ro\/scoala-de-arte\/wp-json\/wp\/v2\/types\/page"}],"author":[{"embeddable":true,"href":"https:\/\/cecart.ro\/scoala-de-arte\/wp-json\/wp\/v2\/users\/1"}],"replies":[{"embeddable":true,"href":"https:\/\/cecart.ro\/scoala-de-arte\/wp-json\/wp\/v2\/comments?post=1571"}],"version-history":[{"count":19,"href":"https:\/\/cecart.ro\/scoala-de-arte\/wp-json\/wp\/v2\/pages\/1571\/revisions"}],"predecessor-version":[{"id":1593,"href":"https:\/\/cecart.ro\/scoala-de-arte\/wp-json\/wp\/v2\/pages\/1571\/revisions\/1593"}],"wp:attachment":[{"href":"https:\/\/cecart.ro\/scoala-de-arte\/wp-json\/wp\/v2\/media?parent=1571"}],"curies":[{"name":"wp","href":"https:\/\/api.w.org\/{rel}","templated":true}]}}