{"id":8425,"date":"2026-03-18T09:18:17","date_gmt":"2026-03-18T07:18:17","guid":{"rendered":"https:\/\/cecart.ro\/finantari\/?page_id=8425"},"modified":"2026-03-18T09:51:40","modified_gmt":"2026-03-18T07:51:40","slug":"timcultura-2026","status":"publish","type":"page","link":"https:\/\/cecart.ro\/finantari\/timcultura-2026\/","title":{"rendered":"TimCultura 2026"},"content":{"rendered":"<p>Consiliul Jude\u021bean Timi\u0219 aduce la cuno\u0219tin\u021b\u0103 public\u0103 elaborarea Proiectului de hot\u0103r\u00e2re nr.60\/12.03.2026 privind aprobarea Ghidului de eligibilitate pentru finan\u021barea nerambursabil\u0103 din fonduri publice a proiectelor cultural-artistice \u0219i de tineret, \u00een jude\u021bul Timi\u0219, pentru anul 2026<\/p>\n<p><a href=\"https:\/\/www.cjtimis.ro\/wp-content\/uploads\/2020\/07\/Ghid-Cultura-2026.pdf\" target=\"_blank\" rel=\"noopener\">Ghid TimCultura 2026<\/a><\/p>\n","protected":false},"excerpt":{"rendered":"<p>Consiliul Jude\u021bean Timi\u0219 aduce la cuno\u0219tin\u021b\u0103 public\u0103 elaborarea Proiectului de hot\u0103r\u00e2re nr.60\/12.03.2026 privind aprobarea Ghidului de eligibilitate pentru finan\u021barea nerambursabil\u0103 din fonduri publice a proiectelor cultural-artistice \u0219i de tineret, \u00een jude\u021bul Timi\u0219, pentru anul 2026 Ghid TimCultura 2026<\/p>\n","protected":false},"author":1,"featured_media":0,"parent":0,"menu_order":0,"comment_status":"closed","ping_status":"closed","template":"","meta":{"_acf_changed":false,"footnotes":""},"class_list":["post-8425","page","type-page","status-publish","hentry"],"acf":[],"_links":{"self":[{"href":"https:\/\/cecart.ro\/finantari\/wp-json\/wp\/v2\/pages\/8425","targetHints":{"allow":["GET"]}}],"collection":[{"href":"https:\/\/cecart.ro\/finantari\/wp-json\/wp\/v2\/pages"}],"about":[{"href":"https:\/\/cecart.ro\/finantari\/wp-json\/wp\/v2\/types\/page"}],"author":[{"embeddable":true,"href":"https:\/\/cecart.ro\/finantari\/wp-json\/wp\/v2\/users\/1"}],"replies":[{"embeddable":true,"href":"https:\/\/cecart.ro\/finantari\/wp-json\/wp\/v2\/comments?post=8425"}],"version-history":[{"count":5,"href":"https:\/\/cecart.ro\/finantari\/wp-json\/wp\/v2\/pages\/8425\/revisions"}],"predecessor-version":[{"id":8432,"href":"https:\/\/cecart.ro\/finantari\/wp-json\/wp\/v2\/pages\/8425\/revisions\/8432"}],"wp:attachment":[{"href":"https:\/\/cecart.ro\/finantari\/wp-json\/wp\/v2\/media?parent=8425"}],"curies":[{"name":"wp","href":"https:\/\/api.w.org\/{rel}","templated":true}]}}